{"id":1184,"date":"2024-11-15T00:45:52","date_gmt":"2024-11-15T00:45:52","guid":{"rendered":"https:\/\/quincol.com\/web\/about-us\/"},"modified":"2024-11-15T12:47:03","modified_gmt":"2024-11-15T12:47:03","slug":"nosotros","status":"publish","type":"page","link":"https:\/\/quincol.com\/web\/nosotros\/","title":{"rendered":"Nosotros"},"content":{"rendered":"\t\t<div data-elementor-type=\"wp-post\" data-elementor-id=\"1184\" class=\"elementor elementor-1184\" data-elementor-post-type=\"page\">\n\t\t\t\t<div class=\"elementor-element elementor-element-a77760e e-flex e-con-boxed e-con e-parent\" data-id=\"a77760e\" data-element_type=\"container\" data-settings=\"{&quot;background_background&quot;:&quot;classic&quot;}\">\n\t\t\t\t\t<div class=\"e-con-inner\">\n\t\t<div class=\"elementor-element elementor-element-c983c45 e-con-full e-flex e-con e-child\" data-id=\"c983c45\" data-element_type=\"container\">\n\t\t\t\t<div class=\"elementor-element elementor-element-3033cab elementor-widget elementor-widget-heading\" data-id=\"3033cab\" data-element_type=\"widget\" data-widget_type=\"heading.default\">\n\t\t\t\t<div class=\"elementor-widget-container\">\n\t\t\t<h1 class=\"elementor-heading-title elementor-size-default\">Nosotros<\/h1>\t\t<\/div>\n\t\t\t\t<\/div>\n\t\t\t\t<div class=\"elementor-element elementor-element-25b92db elementor-widget elementor-widget-text-editor\" data-id=\"25b92db\" data-element_type=\"widget\" data-widget_type=\"text-editor.default\">\n\t\t\t\t<div class=\"elementor-widget-container\">\n\t\t\t\t\t\t\tQUIN &#038; COL, C.A.: Representantes Exclusivos de Industrial Moreypi en Venezuela\n\t\t\t\t\t\t<\/div>\n\t\t\t\t<\/div>\n\t\t\t\t<\/div>\n\t\t\t\t\t<\/div>\n\t\t\t\t<\/div>\n\t\t<div class=\"elementor-element elementor-element-6929996 e-flex e-con-boxed e-con e-parent\" data-id=\"6929996\" data-element_type=\"container\" data-settings=\"{&quot;background_background&quot;:&quot;classic&quot;}\">\n\t\t\t\t\t<div class=\"e-con-inner\">\n\t\t<div class=\"elementor-element elementor-element-64648da e-con-full e-flex e-con e-child\" data-id=\"64648da\" data-element_type=\"container\">\n\t\t\t\t<div class=\"elementor-element elementor-element-a94bef4 elementor-widget elementor-widget-heading\" data-id=\"a94bef4\" data-element_type=\"widget\" data-widget_type=\"heading.default\">\n\t\t\t\t<div class=\"elementor-widget-container\">\n\t\t\t<h2 class=\"elementor-heading-title elementor-size-default\">Nuestra historia<\/h2>\t\t<\/div>\n\t\t\t\t<\/div>\n\t\t\t\t<div class=\"elementor-element elementor-element-9e52f4a elementor-widget elementor-widget-text-editor\" data-id=\"9e52f4a\" data-element_type=\"widget\" data-widget_type=\"text-editor.default\">\n\t\t\t\t<div class=\"elementor-widget-container\">\n\t\t\t\t\t\t\t<p>Desde nuestra fundaci\u00f3n, QUIN &amp; COL, C.A. ha tenido como misi\u00f3n conectar a las industrias venezolanas con soluciones internacionales de alta calidad. En enero de 2023, dimos un paso estrat\u00e9gico al convertirnos en los representantes comerciales exclusivos de Industrial Moreypi, una de las empresas espa\u00f1olas m\u00e1s reconocidas en la construcci\u00f3n, reparaci\u00f3n y montaje de calderer\u00eda pesada y ligera. Esta alianza nos permite llevar al mercado venezolano la experiencia, innovaci\u00f3n y excelencia que caracteriza a Industrial Moreypi en el \u00e1mbito industrial global.<\/p>\n<p>Nuestra relaci\u00f3n con Industrial Moreypi se oficializ\u00f3 mediante una carta de representaci\u00f3n comercial internacional y un contrato mercantil firmado en abril de 2023, consolidando un acuerdo que refuerza nuestra capacidad para atender las necesidades de sectores industriales clave en el pa\u00eds. Como representantes oficiales, actuamos de manera independiente pero con un fuerte respaldo t\u00e9cnico y comercial de Industrial Moreypi, garantizando un servicio de primer nivel adaptado al contexto venezolano.<\/p>\t\t\t\t\t\t<\/div>\n\t\t\t\t<\/div>\n\t\t\t\t<div class=\"elementor-element elementor-element-00d4026 elementor-mobile-align-left elementor-widget elementor-widget-button\" data-id=\"00d4026\" data-element_type=\"widget\" data-widget_type=\"button.default\">\n\t\t\t\t<div class=\"elementor-widget-container\">\n\t\t\t\t\t\t\t<div class=\"elementor-button-wrapper\">\n\t\t\t\t\t<a class=\"elementor-button elementor-button-link elementor-size-sm\" href=\"https:\/\/quincol.com\/web\/contacto\/\">\n\t\t\t\t\t\t<span class=\"elementor-button-content-wrapper\">\n\t\t\t\t\t\t<span class=\"elementor-button-icon\">\n\t\t\t\t<svg aria-hidden=\"true\" class=\"e-font-icon-svg e-fas-long-arrow-alt-right\" viewBox=\"0 0 448 512\" xmlns=\"http:\/\/www.w3.org\/2000\/svg\"><path d=\"M313.941 216H12c-6.627 0-12 5.373-12 12v56c0 6.627 5.373 12 12 12h301.941v46.059c0 21.382 25.851 32.09 40.971 16.971l86.059-86.059c9.373-9.373 9.373-24.569 0-33.941l-86.059-86.059c-15.119-15.119-40.971-4.411-40.971 16.971V216z\"><\/path><\/svg>\t\t\t<\/span>\n\t\t\t\t\t\t\t\t\t<span class=\"elementor-button-text\">Contacto<\/span>\n\t\t\t\t\t<\/span>\n\t\t\t\t\t<\/a>\n\t\t\t\t<\/div>\n\t\t\t\t\t\t<\/div>\n\t\t\t\t<\/div>\n\t\t\t\t<\/div>\n\t\t<div class=\"elementor-element elementor-element-5c0a501 e-con-full e-flex e-con e-child\" data-id=\"5c0a501\" data-element_type=\"container\" data-settings=\"{&quot;background_background&quot;:&quot;classic&quot;}\">\n\t\t\t\t<div class=\"elementor-element elementor-element-2a7c0c4 elementor-widget elementor-widget-image\" data-id=\"2a7c0c4\" data-element_type=\"widget\" data-widget_type=\"image.default\">\n\t\t\t\t<div class=\"elementor-widget-container\">\n\t\t\t\t\t\t\t\t\t\t\t\t\t<img fetchpriority=\"high\" decoding=\"async\" width=\"2500\" height=\"1667\" src=\"https:\/\/quincol.com\/web\/wp-content\/uploads\/2024\/11\/004.jpeg\" class=\"attachment-full size-full wp-image-1477\" alt=\"\" srcset=\"https:\/\/quincol.com\/web\/wp-content\/uploads\/2024\/11\/004.jpeg 2500w, https:\/\/quincol.com\/web\/wp-content\/uploads\/2024\/11\/004-300x200.jpeg 300w, https:\/\/quincol.com\/web\/wp-content\/uploads\/2024\/11\/004-1024x683.jpeg 1024w, https:\/\/quincol.com\/web\/wp-content\/uploads\/2024\/11\/004-768x512.jpeg 768w, https:\/\/quincol.com\/web\/wp-content\/uploads\/2024\/11\/004-1536x1024.jpeg 1536w, https:\/\/quincol.com\/web\/wp-content\/uploads\/2024\/11\/004-2048x1366.jpeg 2048w\" sizes=\"(max-width: 2500px) 100vw, 2500px\" \/>\t\t\t\t\t\t\t\t\t\t\t\t\t<\/div>\n\t\t\t\t<\/div>\n\t\t\t\t<\/div>\n\t\t\t\t\t<\/div>\n\t\t\t\t<\/div>\n\t\t<div class=\"elementor-element elementor-element-c05b6aa e-flex e-con-boxed e-con e-parent\" data-id=\"c05b6aa\" data-element_type=\"container\" data-settings=\"{&quot;background_background&quot;:&quot;gradient&quot;}\">\n\t\t\t\t\t<div class=\"e-con-inner\">\n\t\t<div class=\"elementor-element elementor-element-43f8782 e-con-full e-flex e-con e-child\" data-id=\"43f8782\" data-element_type=\"container\" data-settings=\"{&quot;background_background&quot;:&quot;classic&quot;}\">\n\t\t\t\t<div class=\"elementor-element elementor-element-322cc96 elementor-widget elementor-widget-image\" data-id=\"322cc96\" data-element_type=\"widget\" data-widget_type=\"image.default\">\n\t\t\t\t<div class=\"elementor-widget-container\">\n\t\t\t\t\t\t\t\t\t\t\t\t\t<img decoding=\"async\" width=\"640\" height=\"960\" src=\"https:\/\/quincol.com\/web\/wp-content\/uploads\/2024\/11\/001.jpg\" class=\"attachment-large size-large wp-image-1474\" alt=\"\" srcset=\"https:\/\/quincol.com\/web\/wp-content\/uploads\/2024\/11\/001.jpg 640w, https:\/\/quincol.com\/web\/wp-content\/uploads\/2024\/11\/001-200x300.jpg 200w\" sizes=\"(max-width: 640px) 100vw, 640px\" \/>\t\t\t\t\t\t\t\t\t\t\t\t\t<\/div>\n\t\t\t\t<\/div>\n\t\t\t\t<\/div>\n\t\t<div class=\"elementor-element elementor-element-6697822 e-con-full e-flex e-con e-child\" data-id=\"6697822\" data-element_type=\"container\" data-settings=\"{&quot;background_background&quot;:&quot;classic&quot;}\">\n\t\t\t\t<div class=\"elementor-element elementor-element-13aa028 elementor-widget elementor-widget-heading\" data-id=\"13aa028\" data-element_type=\"widget\" data-widget_type=\"heading.default\">\n\t\t\t\t<div class=\"elementor-widget-container\">\n\t\t\t<h3 class=\"elementor-heading-title elementor-size-default\">Nuestro Objetivo<\/h3>\t\t<\/div>\n\t\t\t\t<\/div>\n\t\t\t\t<div class=\"elementor-element elementor-element-10471cc elementor-widget elementor-widget-text-editor\" data-id=\"10471cc\" data-element_type=\"widget\" data-widget_type=\"text-editor.default\">\n\t\t\t\t<div class=\"elementor-widget-container\">\n\t\t\t\t\t\t\t<p>Nuestro objetivo es garantizar que las empresas venezolanas accedan a productos y servicios que cumplan con los m\u00e1s altos est\u00e1ndares internacionales de calidad, eficiencia y seguridad.<\/p>\n<p>Nos especializamos en:<\/p>\n<ul>\n<li><strong>Asesoramiento t\u00e9cnico personalizado<\/strong>: Evaluamos cada proyecto para ofrecer soluciones a medida.<\/li>\n<li><strong>Gesti\u00f3n de proyectos industriales<\/strong>: Supervisamos cada etapa para garantizar el \u00e9xito del trabajo.<\/li>\n<li><strong>Soporte postventa<\/strong>: Aseguramos que nuestros clientes obtengan el m\u00e1ximo valor de las soluciones implementadas.<\/li>\n<\/ul>\t\t\t\t\t\t<\/div>\n\t\t\t\t<\/div>\n\t\t\t\t<\/div>\n\t\t\t\t\t<\/div>\n\t\t\t\t<\/div>\n\t\t<div class=\"elementor-element elementor-element-cb739e9 e-flex e-con-boxed e-con e-parent\" data-id=\"cb739e9\" data-element_type=\"container\" data-settings=\"{&quot;background_background&quot;:&quot;classic&quot;}\">\n\t\t\t\t\t<div class=\"e-con-inner\">\n\t\t<div class=\"elementor-element elementor-element-f497b0d e-con-full e-flex e-con e-child\" data-id=\"f497b0d\" data-element_type=\"container\">\n\t\t\t\t<div class=\"elementor-element elementor-element-8b208f6 elementor-widget elementor-widget-heading\" data-id=\"8b208f6\" data-element_type=\"widget\" data-widget_type=\"heading.default\">\n\t\t\t\t<div class=\"elementor-widget-container\">\n\t\t\t<h2 class=\"elementor-heading-title elementor-size-default\">Un Aliado Estrat\u00e9gico para Su Industria\n<\/h2>\t\t<\/div>\n\t\t\t\t<\/div>\n\t\t\t\t<div class=\"elementor-element elementor-element-4c259a6 elementor-widget elementor-widget-text-editor\" data-id=\"4c259a6\" data-element_type=\"widget\" data-widget_type=\"text-editor.default\">\n\t\t\t\t<div class=\"elementor-widget-container\">\n\t\t\t\t\t\t\tNuestra visi\u00f3n es convertirnos en un socio estrat\u00e9gico para las empresas venezolanas,<br>nuestra experiencia nos avala\t\t\t\t\t\t<\/div>\n\t\t\t\t<\/div>\n\t\t<div class=\"elementor-element elementor-element-adfd06d e-flex e-con-boxed e-con e-child\" data-id=\"adfd06d\" data-element_type=\"container\">\n\t\t\t\t\t<div class=\"e-con-inner\">\n\t\t<div class=\"elementor-element elementor-element-39fefbb e-con-full e-flex e-con e-child\" data-id=\"39fefbb\" data-element_type=\"container\" data-settings=\"{&quot;background_background&quot;:&quot;classic&quot;}\">\n\t\t\t\t<div class=\"elementor-element elementor-element-1eac951 elementor-widget elementor-widget-image\" data-id=\"1eac951\" data-element_type=\"widget\" data-widget_type=\"image.default\">\n\t\t\t\t<div class=\"elementor-widget-container\">\n\t\t\t\t\t\t\t\t\t\t\t\t\t<img decoding=\"async\" width=\"300\" height=\"300\" src=\"https:\/\/quincol.com\/web\/wp-content\/uploads\/2024\/11\/LogoPemex.jpg\" class=\"attachment-large size-large wp-image-1450\" alt=\"\" srcset=\"https:\/\/quincol.com\/web\/wp-content\/uploads\/2024\/11\/LogoPemex.jpg 300w, https:\/\/quincol.com\/web\/wp-content\/uploads\/2024\/11\/LogoPemex-150x150.jpg 150w\" sizes=\"(max-width: 300px) 100vw, 300px\" \/>\t\t\t\t\t\t\t\t\t\t\t\t\t<\/div>\n\t\t\t\t<\/div>\n\t\t\t\t<\/div>\n\t\t<div class=\"elementor-element elementor-element-5e5618f e-con-full e-flex e-con e-child\" data-id=\"5e5618f\" data-element_type=\"container\" data-settings=\"{&quot;background_background&quot;:&quot;classic&quot;}\">\n\t\t\t\t<div class=\"elementor-element elementor-element-78cdca7 elementor-widget elementor-widget-image\" data-id=\"78cdca7\" data-element_type=\"widget\" data-widget_type=\"image.default\">\n\t\t\t\t<div class=\"elementor-widget-container\">\n\t\t\t\t\t\t\t\t\t\t\t\t\t<img loading=\"lazy\" decoding=\"async\" width=\"300\" height=\"300\" src=\"https:\/\/quincol.com\/web\/wp-content\/uploads\/2024\/11\/LogoCepsa.jpg\" class=\"attachment-large size-large wp-image-1451\" alt=\"\" srcset=\"https:\/\/quincol.com\/web\/wp-content\/uploads\/2024\/11\/LogoCepsa.jpg 300w, https:\/\/quincol.com\/web\/wp-content\/uploads\/2024\/11\/LogoCepsa-150x150.jpg 150w\" sizes=\"(max-width: 300px) 100vw, 300px\" \/>\t\t\t\t\t\t\t\t\t\t\t\t\t<\/div>\n\t\t\t\t<\/div>\n\t\t\t\t<\/div>\n\t\t<div class=\"elementor-element elementor-element-5dce0ef e-con-full e-flex e-con e-child\" data-id=\"5dce0ef\" data-element_type=\"container\" data-settings=\"{&quot;background_background&quot;:&quot;classic&quot;}\">\n\t\t\t\t<div class=\"elementor-element elementor-element-a48e7b0 elementor-widget elementor-widget-image\" data-id=\"a48e7b0\" data-element_type=\"widget\" data-widget_type=\"image.default\">\n\t\t\t\t<div class=\"elementor-widget-container\">\n\t\t\t\t\t\t\t\t\t\t\t\t\t<img loading=\"lazy\" decoding=\"async\" width=\"300\" height=\"300\" src=\"https:\/\/quincol.com\/web\/wp-content\/uploads\/2024\/11\/LogoFluor.jpg\" class=\"attachment-large size-large wp-image-1452\" alt=\"\" srcset=\"https:\/\/quincol.com\/web\/wp-content\/uploads\/2024\/11\/LogoFluor.jpg 300w, https:\/\/quincol.com\/web\/wp-content\/uploads\/2024\/11\/LogoFluor-150x150.jpg 150w\" sizes=\"(max-width: 300px) 100vw, 300px\" \/>\t\t\t\t\t\t\t\t\t\t\t\t\t<\/div>\n\t\t\t\t<\/div>\n\t\t\t\t<\/div>\n\t\t<div class=\"elementor-element elementor-element-7feabb0 e-con-full e-flex e-con e-child\" data-id=\"7feabb0\" data-element_type=\"container\" data-settings=\"{&quot;background_background&quot;:&quot;classic&quot;}\">\n\t\t\t\t<div class=\"elementor-element elementor-element-774acd5 elementor-widget elementor-widget-image\" data-id=\"774acd5\" data-element_type=\"widget\" data-widget_type=\"image.default\">\n\t\t\t\t<div class=\"elementor-widget-container\">\n\t\t\t\t\t\t\t\t\t\t\t\t\t<img loading=\"lazy\" decoding=\"async\" width=\"300\" height=\"300\" src=\"https:\/\/quincol.com\/web\/wp-content\/uploads\/2024\/11\/LogoEnagas.jpg\" class=\"attachment-large size-large wp-image-1456\" alt=\"\" srcset=\"https:\/\/quincol.com\/web\/wp-content\/uploads\/2024\/11\/LogoEnagas.jpg 300w, https:\/\/quincol.com\/web\/wp-content\/uploads\/2024\/11\/LogoEnagas-150x150.jpg 150w\" sizes=\"(max-width: 300px) 100vw, 300px\" \/>\t\t\t\t\t\t\t\t\t\t\t\t\t<\/div>\n\t\t\t\t<\/div>\n\t\t\t\t<\/div>\n\t\t\t\t\t<\/div>\n\t\t\t\t<\/div>\n\t\t<div class=\"elementor-element elementor-element-d20627c e-con-full e-flex e-con e-child\" data-id=\"d20627c\" data-element_type=\"container\">\n\t\t<div class=\"elementor-element elementor-element-28c98f1 e-con-full e-flex e-con e-child\" data-id=\"28c98f1\" data-element_type=\"container\" data-settings=\"{&quot;background_background&quot;:&quot;classic&quot;}\">\n\t\t\t\t<div class=\"elementor-element elementor-element-c26c687 elementor-widget elementor-widget-image\" data-id=\"c26c687\" data-element_type=\"widget\" data-widget_type=\"image.default\">\n\t\t\t\t<div class=\"elementor-widget-container\">\n\t\t\t\t\t\t\t\t\t\t\t\t\t<img loading=\"lazy\" decoding=\"async\" width=\"300\" height=\"300\" src=\"https:\/\/quincol.com\/web\/wp-content\/uploads\/2024\/11\/LogoSener.jpg\" class=\"attachment-large size-large wp-image-1463\" alt=\"\" srcset=\"https:\/\/quincol.com\/web\/wp-content\/uploads\/2024\/11\/LogoSener.jpg 300w, https:\/\/quincol.com\/web\/wp-content\/uploads\/2024\/11\/LogoSener-150x150.jpg 150w\" sizes=\"(max-width: 300px) 100vw, 300px\" \/>\t\t\t\t\t\t\t\t\t\t\t\t\t<\/div>\n\t\t\t\t<\/div>\n\t\t\t\t<\/div>\n\t\t<div class=\"elementor-element elementor-element-345edbb e-con-full e-flex e-con e-child\" data-id=\"345edbb\" data-element_type=\"container\" data-settings=\"{&quot;background_background&quot;:&quot;classic&quot;}\">\n\t\t\t\t<div class=\"elementor-element elementor-element-00f711e elementor-widget elementor-widget-image\" data-id=\"00f711e\" data-element_type=\"widget\" data-widget_type=\"image.default\">\n\t\t\t\t<div class=\"elementor-widget-container\">\n\t\t\t\t\t\t\t\t\t\t\t\t\t<img loading=\"lazy\" decoding=\"async\" width=\"300\" height=\"300\" src=\"https:\/\/quincol.com\/web\/wp-content\/uploads\/2024\/11\/LogoAlstom.jpg\" class=\"attachment-large size-large wp-image-1462\" alt=\"\" srcset=\"https:\/\/quincol.com\/web\/wp-content\/uploads\/2024\/11\/LogoAlstom.jpg 300w, https:\/\/quincol.com\/web\/wp-content\/uploads\/2024\/11\/LogoAlstom-150x150.jpg 150w\" sizes=\"(max-width: 300px) 100vw, 300px\" \/>\t\t\t\t\t\t\t\t\t\t\t\t\t<\/div>\n\t\t\t\t<\/div>\n\t\t\t\t<\/div>\n\t\t<div class=\"elementor-element elementor-element-fab1239 e-con-full e-flex e-con e-child\" data-id=\"fab1239\" data-element_type=\"container\" data-settings=\"{&quot;background_background&quot;:&quot;classic&quot;}\">\n\t\t\t\t<div class=\"elementor-element elementor-element-a5409ab elementor-widget elementor-widget-image\" data-id=\"a5409ab\" data-element_type=\"widget\" data-widget_type=\"image.default\">\n\t\t\t\t<div class=\"elementor-widget-container\">\n\t\t\t\t\t\t\t\t\t\t\t\t\t<img loading=\"lazy\" decoding=\"async\" width=\"300\" height=\"300\" src=\"https:\/\/quincol.com\/web\/wp-content\/uploads\/2024\/11\/LogoRepsol2.jpg\" class=\"attachment-large size-large wp-image-1459\" alt=\"\" srcset=\"https:\/\/quincol.com\/web\/wp-content\/uploads\/2024\/11\/LogoRepsol2.jpg 300w, https:\/\/quincol.com\/web\/wp-content\/uploads\/2024\/11\/LogoRepsol2-150x150.jpg 150w\" sizes=\"(max-width: 300px) 100vw, 300px\" \/>\t\t\t\t\t\t\t\t\t\t\t\t\t<\/div>\n\t\t\t\t<\/div>\n\t\t\t\t<\/div>\n\t\t<div class=\"elementor-element elementor-element-dc721f0 e-con-full e-flex e-con e-child\" data-id=\"dc721f0\" data-element_type=\"container\" data-settings=\"{&quot;background_background&quot;:&quot;classic&quot;}\">\n\t\t\t\t<div class=\"elementor-element elementor-element-f8ff230 elementor-widget elementor-widget-image\" data-id=\"f8ff230\" data-element_type=\"widget\" data-widget_type=\"image.default\">\n\t\t\t\t<div class=\"elementor-widget-container\">\n\t\t\t\t\t\t\t\t\t\t\t\t\t<img loading=\"lazy\" decoding=\"async\" width=\"300\" height=\"300\" src=\"https:\/\/quincol.com\/web\/wp-content\/uploads\/2024\/11\/LogoJacobs.jpg\" class=\"attachment-large size-large wp-image-1458\" alt=\"\" srcset=\"https:\/\/quincol.com\/web\/wp-content\/uploads\/2024\/11\/LogoJacobs.jpg 300w, https:\/\/quincol.com\/web\/wp-content\/uploads\/2024\/11\/LogoJacobs-150x150.jpg 150w\" sizes=\"(max-width: 300px) 100vw, 300px\" \/>\t\t\t\t\t\t\t\t\t\t\t\t\t<\/div>\n\t\t\t\t<\/div>\n\t\t\t\t<\/div>\n\t\t\t\t<\/div>\n\t\t\t\t<\/div>\n\t\t\t\t\t<\/div>\n\t\t\t\t<\/div>\n\t\t\t\t<\/div>\n\t\t","protected":false},"excerpt":{"rendered":"<p>Nosotros QUIN &#038; COL, C.A.: Representantes Exclusivos de Industrial Moreypi en Venezuela Nuestra historia Desde nuestra fundaci\u00f3n, QUIN &amp; COL, C.A. ha tenido como misi\u00f3n conectar a las industrias venezolanas con soluciones internacionales de alta calidad. En enero de 2023, dimos un paso estrat\u00e9gico al convertirnos en los representantes comerciales exclusivos de Industrial Moreypi, una [&hellip;]<\/p>\n","protected":false},"author":1,"featured_media":0,"parent":0,"menu_order":0,"comment_status":"closed","ping_status":"closed","template":"","meta":{"site-sidebar-layout":"no-sidebar","site-content-layout":"page-builder","ast-site-content-layout":"full-width-container","site-content-style":"unboxed","site-sidebar-style":"unboxed","ast-global-header-display":"","ast-banner-title-visibility":"","ast-main-header-display":"","ast-hfb-above-header-display":"","ast-hfb-below-header-display":"","ast-hfb-mobile-header-display":"","site-post-title":"disabled","ast-breadcrumbs-content":"","ast-featured-img":"disabled","footer-sml-layout":"","theme-transparent-header-meta":"enabled","adv-header-id-meta":"","stick-header-meta":"","header-above-stick-meta":"","header-main-stick-meta":"","header-below-stick-meta":"","astra-migrate-meta-layouts":"set","ast-page-background-enabled":"default","ast-page-background-meta":{"desktop":{"background-color":"","background-image":"","background-repeat":"repeat","background-position":"center center","background-size":"auto","background-attachment":"scroll","background-type":"","background-media":"","overlay-type":"","overlay-color":"","overlay-opacity":"","overlay-gradient":""},"tablet":{"background-color":"","background-image":"","background-repeat":"repeat","background-position":"center center","background-size":"auto","background-attachment":"scroll","background-type":"","background-media":"","overlay-type":"","overlay-color":"","overlay-opacity":"","overlay-gradient":""},"mobile":{"background-color":"","background-image":"","background-repeat":"repeat","background-position":"center center","background-size":"auto","background-attachment":"scroll","background-type":"","background-media":"","overlay-type":"","overlay-color":"","overlay-opacity":"","overlay-gradient":""}},"ast-content-background-meta":{"desktop":{"background-color":"var(--ast-global-color-5)","background-image":"","background-repeat":"repeat","background-position":"center center","background-size":"auto","background-attachment":"scroll","background-type":"","background-media":"","overlay-type":"","overlay-color":"","overlay-opacity":"","overlay-gradient":""},"tablet":{"background-color":"var(--ast-global-color-5)","background-image":"","background-repeat":"repeat","background-position":"center center","background-size":"auto","background-attachment":"scroll","background-type":"","background-media":"","overlay-type":"","overlay-color":"","overlay-opacity":"","overlay-gradient":""},"mobile":{"background-color":"var(--ast-global-color-5)","background-image":"","background-repeat":"repeat","background-position":"center center","background-size":"auto","background-attachment":"scroll","background-type":"","background-media":"","overlay-type":"","overlay-color":"","overlay-opacity":"","overlay-gradient":""}},"footnotes":""},"class_list":["post-1184","page","type-page","status-publish","hentry"],"_links":{"self":[{"href":"https:\/\/quincol.com\/web\/wp-json\/wp\/v2\/pages\/1184","targetHints":{"allow":["GET"]}}],"collection":[{"href":"https:\/\/quincol.com\/web\/wp-json\/wp\/v2\/pages"}],"about":[{"href":"https:\/\/quincol.com\/web\/wp-json\/wp\/v2\/types\/page"}],"author":[{"embeddable":true,"href":"https:\/\/quincol.com\/web\/wp-json\/wp\/v2\/users\/1"}],"replies":[{"embeddable":true,"href":"https:\/\/quincol.com\/web\/wp-json\/wp\/v2\/comments?post=1184"}],"version-history":[{"count":4,"href":"https:\/\/quincol.com\/web\/wp-json\/wp\/v2\/pages\/1184\/revisions"}],"predecessor-version":[{"id":1496,"href":"https:\/\/quincol.com\/web\/wp-json\/wp\/v2\/pages\/1184\/revisions\/1496"}],"wp:attachment":[{"href":"https:\/\/quincol.com\/web\/wp-json\/wp\/v2\/media?parent=1184"}],"curies":[{"name":"wp","href":"https:\/\/api.w.org\/{rel}","templated":true}]}}